{"id":724,"date":"2020-01-22T09:36:33","date_gmt":"2020-01-22T08:36:33","guid":{"rendered":"https:\/\/digiglu.hivolda.no\/?page_id=724"},"modified":"2020-09-03T13:37:56","modified_gmt":"2020-09-03T11:37:56","slug":"nettverkssamling-2020","status":"publish","type":"page","link":"https:\/\/digiglu.hivolda.no\/?page_id=724","title":{"rendered":"NASJONAL NETTVERKSSAMLING 2020: Utsett til 12.-15.oktober"},"content":{"rendered":"<div>\n<h2>Utsetting av nasjonal nettverkssamling i PfDK: Digital skaparkraft og d\u00f8mmekraft til 12.-15.oktober<\/h2>\n<div class=\"copy-paste-block\">\n<p><span lang=\"NO-NYN\">Grunna korona-situasjonen m\u00e5 vi dessverre utsetje nettverkssamlinga \u00abDigital skaparkraft og d\u00f8mmekraft\u00bb\u00a0 i Ulsteinvik\/Volda den 30.-31. mars.<\/span><\/p>\n<p><span lang=\"NO-NYN\">H\u00f8gskolen i Volda, OsloMet, Universitetet i Oslo og Udir hadde sett fram til ei spanande nettverkssamling med mange deltakarar, 120 er p\u00e5meldt! Slik situasjonen er no s\u00e5 er det dessverre ikkje mogleg \u00e5 gjennomf\u00f8re den i slutten av mars, men vi pr\u00f8ver igjen rett etter haustferien i veke 42\/43.<\/span><\/p>\n<div>\n<p><strong><span lang=\"NO-NYN\">Ved eventuelle sp\u00f8rsm\u00e5l, kontakt:<\/span><\/strong><\/p>\n<p><span lang=\"NO-NYN\">Prosjektleiar ved HVO: Synn\u00f8ve H. Amdam, <a href=\"mailto:sha@hivolda.no\">sha@hivolda.no<\/a><\/span><\/p>\n<p><span lang=\"NO-NYN\">Prosjektleiing i Udir: Marijana Kelentric,\u00a0<\/span><\/p>\n<\/div>\n<\/div>\n<\/div>\n<h3><\/h3>\n<h3><\/h3>\n<p>&nbsp;<\/p>\n<p>&nbsp;<\/p>\n<p>&nbsp;<\/p>\n<h3><\/h3>\n<h3>Digital skaparkraft og d\u00f8mmekraft &#8211; Nasjonal nettverkssamling i profesjonsfagleg digital kompetanse, i Ulsteinvik\/Volda<\/h3>\n<div class=\"entry-content\">\n<p>H\u00f8gskulen i Volda, Universitetet i Oslo, OsloMet og Utdanningsdirektoratet inviterer til nasjonal nettverkssamling for profesjonsfagleg digital kompetanse i l\u00e6rarutdanning og skule med tema \u201cDigital skaparkraft og d\u00f8mmekraft\u201d. Bli med p\u00e5 forskingsseminar, TeachMeet\/TeachMake, innlegg knytt til fagfornyinga og workshops. Arrangementet har ikkje deltakaravgift.<\/p>\n<\/div>\n<p><img loading=\"lazy\" decoding=\"async\" class=\"wp-image-822 aligncenter\" src=\"https:\/\/digiglu.hivolda.no\/wp-content\/uploads\/2020\/02\/Banner_digiGLU_hires-300x78.jpg\" alt=\"\" width=\"685\" height=\"178\" srcset=\"https:\/\/digiglu.hivolda.no\/wp-content\/uploads\/2020\/02\/Banner_digiGLU_hires-300x78.jpg 300w, https:\/\/digiglu.hivolda.no\/wp-content\/uploads\/2020\/02\/Banner_digiGLU_hires-768x201.jpg 768w, https:\/\/digiglu.hivolda.no\/wp-content\/uploads\/2020\/02\/Banner_digiGLU_hires-1024x268.jpg 1024w\" sizes=\"(max-width: 685px) 100vw, 685px\" \/><\/p>\n<div class=\"entry-content\">\n<h2><\/h2>\n<h2>Programmet<\/h2>\n<h2><strong>Seminar om digital d\u00f8mmekraft kl. 12-16, Ulsteinvik Quality Hotell<\/strong><\/h2>\n<p>L\u00e6rerutdanningene ved OsloMet og UiO presenterer forskningsfunn fra et europeisk samarbeidsprosjekt om utvikling av l\u00e6rerstudenters digitale kompetanse, DiCTE (Developing ICT in Teacher Education). Seminaret gir ogs\u00e5 en presentasjon av prosjektet og innblikk i sp\u00f8rreunders\u00f8kelsen og analysemodellen som er utviklet og brukt for \u00e5 kartlegge l\u00e6rerstudenters digitale kompetanse med s\u00e6rlig fokus p\u00e5 digital d\u00f8mmekraft. Det blir lagt opp til erfaringsdeling om digital d\u00f8mmekraft i skole og l\u00e6rerutdanning.<\/p>\n<p>Det vil bli servering av enkel lunsj.<\/p>\n<h3><strong>M\u00e5ndag: TeachMeet &amp; TeachMake kl. 19, Skaparhuset Ulsteinvik<\/strong><\/h3>\n<p>Vi arrangerer TeachMeet og TeachMake i Skaparhuset i Ulsteinvik m\u00e5ndagskvelden fr\u00e5 kl. 19, rett ved sidan av hotellet. Det vil bli enkel middagsservering, korte innlegg, utforsking og skaping, og h\u00f8ve til \u00e5 sosialisere.<\/p>\n<\/div>\n<h3><b>Tysdag: Digital skaparkraft &#8211; Nasjonal nettverkssamling i PfDK for l\u00e6rarutdanning og skule, H\u00f8gskulen i Volda<\/b><\/h3>\n<p><b>Kl. 9.15-11.00 Plenum i Berte Kanutte-kantina, H\u00f8gskulen i Volda &#8211; VERT STREAMA<\/b><\/p>\n<ul>\n<li><b>Opning <span style=\"font-weight: 400;\">ved dekan for l\u00e6rarutdanningane ved HVO, Arne Myklebust<\/span><\/b><\/li>\n<li style=\"font-weight: 400;\"><b>Keynote<\/b><span style=\"font-weight: 400;\">: Tverrfaglig arbeid og STEAM i skolen &#8211; Erik Fooladi, Institutt for realfag, HVO<\/span><\/li>\n<li style=\"font-weight: 400;\"><b>Keynote<\/b><span style=\"font-weight: 400;\">: Fr\u00e5 Ludvigsen-utvalet til Skaparhuset &#8211; Kjersti Kleven, IKuben og Skaparhuset, Ulsteinvik<\/span><\/li>\n<li style=\"font-weight: 400;\"><b>Velkomst og praktisk informasjon:<\/b><span style=\"font-weight: 400;\"> Marijana Kelentric, Udir og Synn\u00f8ve Amdam, prosjektleiar DigiGLU, HVO<\/span><\/li>\n<\/ul>\n<p><b>Kl. 11.00-11.45 LUNSJ I KANTINA<\/b><\/p>\n<p><b>Kl. 12.00-14.45 PARALLELLE SESJONAR rundt om p\u00e5 campus:<\/b><\/p>\n<p><b>A. Programmering og skaparkraft &#8211; Kaarstad 104, Kaarstad-huset<br \/>\n<i>Ansvarleg: Torbj\u00f8rn Frantsen, Digital kompetanse, HVO<\/i><\/b><\/p>\n<ul>\n<li style=\"font-weight: 400;\"><i><span style=\"font-weight: 400;\">Intro:<\/span><\/i><span style=\"font-weight: 400;\"> Programmering i skule og l\u00e6rarutdanning &#8211; <\/span><i><span style=\"font-weight: 400;\">Torbj\u00f8rn Frantsen og Kim Andre Refvik, Matematikk, HVO<\/span><\/i><\/li>\n<li style=\"font-weight: 400;\"><i><span style=\"font-weight: 400;\">Innlegg:<\/span><\/i><span style=\"font-weight: 400;\"> L\u00e6r Kidsa Koding og Super:BIT &#8211;<\/span><i><span style=\"font-weight: 400;\"> Herdis Mold\u00f8en, L\u00e6r Kidsa Koding<\/span><\/i><\/li>\n<li style=\"font-weight: 400;\"><i><span style=\"font-weight: 400;\">Innlegg<\/span><\/i><span style=\"font-weight: 400;\">: Programmering i skulen: <\/span><i><span style=\"font-weight: 400;\">Arne Sivertst\u00f8l, Hasund skule<\/span><\/i><\/li>\n<li style=\"font-weight: 400;\"><i><span style=\"font-weight: 400;\">Innlegg og workshop:<\/span><\/i><span style=\"font-weight: 400;\"> TEKPROG\u00a0 &#8211; Udir-kompetansepakkar i programmering i matematikk, naturfag, musikk og kunst og handverk &#8211;<\/span><i><i><span style=\"font-weight: 400;\"> Liv Oddrun Voll, Naturfagsenteret UiO, Torbj\u00f8rn Frantsen, HVO og Peter Haakonsen, Oslo Met<\/span><\/i><\/i><\/li>\n<\/ul>\n<p><b>B. Future Classroom og Makerspace i undervising &#8211; L\u00e6ringsverkstaden i Biblioteket, Berte Kanutte-huset<br \/>\n<\/b><b><i>Ansvarleg: Synn\u00f8ve Amdam, DigiGLU\/Digital kompetanse, HVO<\/i><\/b><\/p>\n<ul>\n<li><b><i><span style=\"font-weight: 400;\">Intro:<\/span><\/i><span style=\"font-weight: 400;\"> Om framtidsklasserom og L\u00e6ringsverkstaden ved HVO <\/span><i><span style=\"font-weight: 400;\">&#8211; Synn\u00f8ve Amdam og Marianne Ulstein Johnston<\/span><\/i><\/b><\/li>\n<li><i><span style=\"font-weight: 400;\">Innlegg: <\/span><\/i><span style=\"font-weight: 400;\">Future Classroom Lab-prosjektet i l\u00e6rarutdanning <\/span><i><span style=\"font-weight: 400;\">&#8211; Kristine Sevik og Vibeke Guttormsgaard, Udir BetaLab<\/span><\/i><\/li>\n<li><i><span style=\"font-weight: 400;\">Innlegg:<\/span><\/i><span style=\"font-weight: 400;\"> Skaparverkstad i skulen <\/span><i><span style=\"font-weight: 400;\">&#8211; Vatne barneskule<\/span><\/i><\/li>\n<li><i><span style=\"font-weight: 400;\">Innlegg:<\/span><\/i><span style=\"font-weight: 400;\">\u00a0 Fremtidens klasserom i skolen<\/span><i><span style=\"font-weight: 400;\"> &#8211; Smestad og Bogstad skoler<\/span><\/i><\/li>\n<li><i>Innlegg og workshop:<\/i> \u00c5 skape med VR <i>&#8211; Paolo Scarbocci, prosjektleiar Didaktisk digitalt verksted, UiS<br \/>\n<\/i><\/li>\n<\/ul>\n<p><b>C. Skapande l\u00e6ring og entrepren\u00f8rskap &#8211; Skaparverkstaden, Nye-Kaarstad<br \/>\n<\/b><b><i>Ansvarlege: Karen Br\u00e6nne og Janne Heggvold, Kunst og handverk, HVO<\/i><\/b><\/p>\n<ul>\n<li style=\"font-weight: 400;\"><i><span style=\"font-weight: 400;\">Intro:<\/span><\/i><span style=\"font-weight: 400;\"> Korleis bruke ein digital skaparverkstad i estetiske fag? <\/span><i><span style=\"font-weight: 400;\">Seksjon for Kunst og handverk, HVO<\/span><\/i><\/li>\n<li style=\"font-weight: 400;\"><i><span style=\"font-weight: 400;\">Innlegg:<\/span><\/i><span style=\"font-weight: 400;\"> Digital skaparkraft i kulturskolen &#8211; <\/span><i><span style=\"font-weight: 400;\">Odd Christian Hagen, Utviklingsr\u00e5dgiver Kristiansand kulturskole<\/span><\/i><\/li>\n<li style=\"font-weight: 400;\"><i><span style=\"font-weight: 400;\">Innlegg:<\/span><\/i><span style=\"font-weight: 400;\"> Digitalt entrepren\u00f8rskapssamarbeid med h\u00f8gare utdanning &#8211; <\/span><i><span style=\"font-weight: 400;\">Martin Foldal, Sunnm\u00f8re kulturn\u00e6ringshage og Kjetil Vaage \u00d8ie, Mediefag, HVO<\/span><\/i><\/li>\n<li style=\"font-weight: 400;\"><i><span style=\"font-weight: 400;\">Workshop:<\/span><\/i><span style=\"font-weight: 400;\"> Skapande l\u00e6ring og digital skaparkraft &#8211; <\/span><i><span style=\"font-weight: 400;\">Kunst &amp; Handverk, HVO<\/span><\/i><\/li>\n<\/ul>\n<p><b>D. Medieproduksjon, praksis- og l\u00e6ringsfilm &#8211; Studio Str\u00f8m\/Studio 4, Str\u00f8m-huset<br \/>\n<\/b><b><i>Ansvarleg: Stian Fagerlid, Digital kompetanse, HVO<\/i><\/b><\/p>\n<ul>\n<li><i><span style=\"font-weight: 400;\">Intro:<\/span><\/i><span style=\"font-weight: 400;\"> Medieproduksjon i skole og l\u00e6rerutdanning &#8211; <\/span><i><span style=\"font-weight: 400;\">Stian Fagerlid<\/span><\/i><\/li>\n<li><i><span style=\"font-weight: 400;\">Innlegg:<\/span><\/i><span style=\"font-weight: 400;\"> Digitale praksisbes\u00f8k i l\u00e6rerutdanning<\/span><i><span style=\"font-weight: 400;\"> &#8211; Solfrid Nymark, Universitetslektor OsloMet<\/span><\/i><\/li>\n<li><i><span style=\"font-weight: 400;\">Innlegg: <\/span><\/i><span style=\"font-weight: 400;\">Medieproduksjon i skolen &#8211; <\/span><i><span style=\"font-weight: 400;\">Smestad og Bogstad skoler<\/span><\/i><\/li>\n<li><i><span style=\"font-weight: 400;\">Innlegg:<\/span><\/i><span style=\"font-weight: 400;\"> Omvendt undervising i samfunnsfag i l\u00e6rarutdanning &#8211; <em>Nils Magne Mager\u00f8y, HVO<\/em><\/span><\/li>\n<li><i><span style=\"font-weight: 400;\">Workshop: <\/span><\/i><span style=\"font-weight: 400;\">Digital skaparkraft, praksis- og l\u00e6ringsfilm &#8211; Steinar H\u00f8ydal\u00a0 og Stian Fagerlid, <\/span><i><span style=\"font-weight: 400;\">Avdeling for mediefag, HVO<\/span><\/i><\/li>\n<\/ul>\n<p><b>15.00-15.20 Oppsummerande plenum &#8211; Berte Kanutte-kantina:\u00a0 <\/b><b><i>Digital skaperkraft og framtidsklasserommet,<\/i><\/b><b> Kristine Sevik og Vibeke Guttormsgaard, Udir BetaLab &#8211; VERT STREAMA<\/b><\/p>\n<p><b><i>15.30 Buss fr\u00e5 Berte Kanutte-huset til \u00d8rsta\/Volda lufthavn, ankomst kl. 15.45 for fly kl.16.10, og videre til Hareid for hurtigb\u00e5t\/buss til \u00c5lesund lufthavn, ankomst \u00c5lesund lufthavn kl. 17.48.<\/i><\/b><\/p>\n<p>&nbsp;<\/p>\n<div class=\"entry-content\">\n<h2>Reise &#8211; buss, fly eller tog<\/h2>\n<h3>Buss<\/h3>\n<p>Det g\u00e5r b\u00e5de dag og nattbuss fr\u00e5 Bergen\/Oslo\/Trondheim.<br \/>\nSj\u00e5 <a href=\"https:\/\/frammr.no\/ezflow_mrfylke\/ruter?now=1&amp;lang=nn\">ruteplanleggar til Fram<\/a>.<\/p>\n<h3>Fly<\/h3>\n<p>N\u00e6raste flyplass er \u00d8rsta-Volda flyplass Hovden (Wider\u00f8e), 10 min. fr\u00e5 Volda, 30min fr\u00e5 Ulsteinvik.<br \/>\nAlternativt er \u00c5lesund Vigra (SAS, Norwegian) ca. 1t fr\u00e5 Ulsteinvik og 1,5t fr\u00e5 Volda.<\/p>\n<h3>Tog<\/h3>\n<p>N\u00e6raste togstasjon er i \u00c5ndalsnes. Med tog vil du m\u00e5tte reise dagen f\u00f8r eller kombinere tog til Otta med nattbuss til Ulsteinvik.<br \/>\nSj\u00e5 <a href=\"https:\/\/frammr.no\/ezflow_mrfylke\/ruter?now=1&amp;lang=nn\">ruteplanleggar til Fram<\/a>.<\/p>\n<p>Meir informasjon om program, transport, innleiarar og praktisk info. vert publisert fortl\u00f8pande.<\/p>\n<\/div>\n<p>&nbsp;<\/p>\n<p>Sp\u00f8rsm\u00e5l? Kontakt: marianne.ulstein.johnston@hivolda.no<\/p>\n<p>&nbsp;<\/p>\n<p>&nbsp;<\/p>\n<p>&nbsp;<\/p>\n<p>&nbsp;<\/p>\n<p>&nbsp;<\/p>\n<p>&nbsp;<\/p>\n<p>&nbsp;<\/p>\n<p>&nbsp;<\/p>\n<p>&nbsp;<\/p>\n<p>&nbsp;<\/p>\n<p>&nbsp;<\/p>\n<p>&nbsp;<\/p>\n<p>&nbsp;<\/p>\n<p>&nbsp;<\/p>\n<p>&nbsp;<\/p>\n<p>&nbsp;<\/p>\n<p>&nbsp;<\/p>\n","protected":false},"excerpt":{"rendered":"<p>Utsetting av nasjonal nettverkssamling i PfDK: Digital skaparkraft og d\u00f8mmekraft til 12.-15.oktober Grunna korona-situasjonen m\u00e5 vi dessverre utsetje nettverkssamlinga \u00abDigital skaparkraft og d\u00f8mmekraft\u00bb\u00a0 i Ulsteinvik\/Volda den 30.-31. mars. H\u00f8gskolen i Volda, OsloMet, Universitetet i Oslo og Udir hadde sett fram til ei spanande nettverkssamling med mange deltakarar, 120 er p\u00e5meldt! Slik situasjonen er no s\u00e5&hellip; <a href=\"https:\/\/digiglu.hivolda.no\/?page_id=724\" class=\"more-link\">Continue reading <span class=\"screen-reader-text\">NASJONAL NETTVERKSSAMLING 2020: Utsett til 12.-15.oktober<\/span><\/a><\/p>\n","protected":false},"author":4,"featured_media":0,"parent":0,"menu_order":0,"comment_status":"closed","ping_status":"closed","template":"","meta":{"jetpack_post_was_ever_published":false,"footnotes":""},"tags":[],"jetpack_sharing_enabled":true,"jetpack_shortlink":"https:\/\/wp.me\/PacKQW-bG","_links":{"self":[{"href":"https:\/\/digiglu.hivolda.no\/index.php?rest_route=\/wp\/v2\/pages\/724"}],"collection":[{"href":"https:\/\/digiglu.hivolda.no\/index.php?rest_route=\/wp\/v2\/pages"}],"about":[{"href":"https:\/\/digiglu.hivolda.no\/index.php?rest_route=\/wp\/v2\/types\/page"}],"author":[{"embeddable":true,"href":"https:\/\/digiglu.hivolda.no\/index.php?rest_route=\/wp\/v2\/users\/4"}],"replies":[{"embeddable":true,"href":"https:\/\/digiglu.hivolda.no\/index.php?rest_route=%2Fwp%2Fv2%2Fcomments&post=724"}],"version-history":[{"count":39,"href":"https:\/\/digiglu.hivolda.no\/index.php?rest_route=\/wp\/v2\/pages\/724\/revisions"}],"predecessor-version":[{"id":839,"href":"https:\/\/digiglu.hivolda.no\/index.php?rest_route=\/wp\/v2\/pages\/724\/revisions\/839"}],"wp:attachment":[{"href":"https:\/\/digiglu.hivolda.no\/index.php?rest_route=%2Fwp%2Fv2%2Fmedia&parent=724"}],"wp:term":[{"taxonomy":"post_tag","embeddable":true,"href":"https:\/\/digiglu.hivolda.no\/index.php?rest_route=%2Fwp%2Fv2%2Ftags&post=724"}],"curies":[{"name":"wp","href":"https:\/\/api.w.org\/{rel}","templated":true}]}}